{"id":3544,"date":"2025-02-13T23:42:34","date_gmt":"2025-02-13T23:42:34","guid":{"rendered":"https:\/\/test.ototespit.com\/?page_id=3544"},"modified":"2025-02-14T00:25:27","modified_gmt":"2025-02-14T00:25:27","slug":"kisisel-verileri-koruma","status":"publish","type":"page","link":"https:\/\/ototespit.com\/?page_id=3544","title":{"rendered":"Ki\u015fisel Verileri Koruma"},"content":{"rendered":"<section id=\"bt_bb_section6a07a34a241a5\" class=\"bt_bb_section bt_bb_layout_boxed_1400 bt_bb_vertical_align_top bt_bb_top_spacing_large bt_bb_bottom_spacing_large\"  data-bt-override-class=\"{&quot;bt_bb_top_spacing_&quot;:{&quot;current_class&quot;:&quot;bt_bb_top_spacing_large&quot;,&quot;xxl&quot;:&quot;large&quot;,&quot;xl&quot;:&quot;large&quot;},&quot;bt_bb_bottom_spacing_&quot;:{&quot;current_class&quot;:&quot;bt_bb_bottom_spacing_large&quot;,&quot;xxl&quot;:&quot;large&quot;,&quot;xl&quot;:&quot;large&quot;}}\"><div class=\"bt_bb_port\"><div class=\"bt_bb_cell\"><div class=\"bt_bb_cell_inner\"><div class=\"bt_bb_row \"  data-bt-override-class=\"{}\"><div class=\"bt_bb_row_holder\" ><div  class=\"bt_bb_column col-xxl-2 col-xl-2 bt_bb_vertical_align_top bt_bb_align_left bt_bb_padding_normal\" style=\"; --column-width:2;\" data-width=\"2\" data-bt-override-class=\"{}\"><div class=\"bt_bb_column_content\"><div class=\"bt_bb_column_content_inner\"><\/div><\/div><\/div><div  class=\"bt_bb_column col-xxl-8 col-xl-8 bt_bb_vertical_align_top bt_bb_align_center bt_bb_padding_normal bt_bb_animation_fade_in animate\" style=\"; --column-width:8;\" data-width=\"8\" data-bt-override-class=\"{}\"><div class=\"bt_bb_column_content\"><div class=\"bt_bb_column_content_inner\"><header class=\"bt_bb_headline bt_bb_dash_bottom bt_bb_size_huge bt_bb_align_inherit\" data-bt-override-class=\"{&quot;bt_bb_size_&quot;:{&quot;current_class&quot;:&quot;bt_bb_size_huge&quot;,&quot;xxl&quot;:&quot;huge&quot;,&quot;xl&quot;:&quot;huge&quot;},&quot;bt_bb_align_&quot;:{&quot;current_class&quot;:&quot;bt_bb_align_inherit&quot;,&quot;xxl&quot;:&quot;inherit&quot;,&quot;xl&quot;:&quot;inherit&quot;}}\"><h1 class=\"bt_bb_headline_tag\"><span class=\"bt_bb_headline_content\"><span >Ki\u015fisel Verileri Koruma<\/span><\/span><\/h1><\/header><div class=\"bt_bb_separator bt_bb_bottom_spacing_normal bt_bb_border_style_none\" data-bt-override-class=\"{}\"><\/div><div  class=\"bt_bb_text\" ><\/p>\n<p style=\"text-align: left;\" data-pm-slice=\"1 1 &#091;&#093;\">Ototespit (\u201cOtotespit\u201d) olarak sizlere ait ki\u015fisel verileri ve \u00f6zel bilgilerinizi korumak i\u00e7in azami \u00f6zeni g\u00f6steriyoruz.<\/p>\n<p data-pm-slice=\"1 1 &#091;&#093;\">Bu nedenle web sayfam\u0131z\u0131\/\u00e7a\u011fr\u0131 merkezimizi\/internet sitemizi ziyaretinizde kendinizi g\u00fcvende hissetmenizi istemekteyiz. Web sayfam\u0131z\u0131\/\u00e7a\u011fr\u0131 merkezimizi ya da internet sitemizi ziyaret etti\u011finizde sizlere ait ki\u015fisel verilerin i\u015flenmesinde size ait ki\u015fisel alan\u0131n\u0131z\u0131n korunmas\u0131 bizim i\u00e7in as\u0131ld\u0131r. Ototespit ile ilgili b\u00fct\u00fcn i\u015flemlerinizde ki\u015fisel verilerinizin korunmas\u0131 i\u00e7in b\u00fct\u00fcn gayretin g\u00f6sterildi\u011finden emin olunuz.<\/p>\n<p data-pm-slice=\"1 1 &#091;&#093;\">Web sitemizin ziyaret edilmesi s\u0131ras\u0131nda kaydedilen ki\u015fisel bilgiler, Ki\u015fisel Verilerin Korunmas\u0131na ili\u015fkin mevzuat gere\u011fince i\u015flenmektedir. Bu konuda yine sayfam\u0131zda bulabilece\u011finiz Veri G\u00fcvenli\u011fi Politikam\u0131z\u0131 inceleyiniz. Ototespit ve i\u015ftirakleri i\u00e7in de ge\u00e7erli olan Veri G\u00fcvenli\u011fi Davran\u0131\u015f Kurallar\u0131 bu politika i\u00e7inde bulunabilir. Ancak \u00f6nemle belirtelim ki, Ototespit web siteleri taraf\u0131ndan y\u00f6nlendirilme yap\u0131ld\u0131\u011f\u0131n\u0131z (link verilen) di\u011fer internet sitelerindeki veri g\u00fcvenli\u011fi konusunda bir garanti sunamamaktad\u0131r.<\/p>\n<p>I. Ki\u015fisel verileri i\u015flemeye ili\u015fkin ilkelerimiz Ototespit olarak;<\/p>\n<p>a) Hukuka ve d\u00fcr\u00fcstl\u00fck kurallar\u0131na uygun i\u015flemeyi, b) Do\u011fru ve g\u00fcncelli\u011fi sa\u011flama gayretinde olmay\u0131, c) Belirli, a\u00e7\u0131k ve me\u015fru ama\u00e7lar i\u00e7in i\u015flemeyi, \u00e7) \u0130\u015flendikleri ama\u00e7la ba\u011flant\u0131l\u0131, s\u0131n\u0131rl\u0131 ve \u00f6l\u00e7\u00fcl\u00fc olmay\u0131, d) \u0130lgili mevzuatta \u00f6ng\u00f6r\u00fclen veya i\u015flendikleri ama\u00e7 i\u00e7in gerekli olan s\u00fcre kadar muhafaza edilmeyi ilke edindik.<\/p>\n<p>II. Ki\u015fisel Verilere \u0130li\u015fkin Ayd\u0131nlatma Metni 6698 say\u0131l\u0131 Ki\u015fisel Verilerin Korunmas\u0131 Kanunu\u2019nun (KVKK) 10\u2019uncu maddesi verileri i\u015flenen kimselerin onaylar\u0131 al\u0131n\u0131rken kendisinin ayd\u0131nlat\u0131lmas\u0131n\u0131 istemi\u015ftir. Madde ba\u015fl\u0131\u011f\u0131 \u2018Veri Sorumlusunun Ayd\u0131nlatma Y\u00fck\u00fcml\u00fcl\u00fc\u011f\u00fc\u2019d\u00fcr. KVKK h\u00fck\u00fcmlerine g\u00f6re Ototespit, \u2018veri sorumlusudur\u2019. Bu \u00e7er\u00e7evede, ayd\u0131nlatma y\u00fck\u00fcml\u00fcl\u00fc\u011f\u00fc, \u2018veri sahiplerini\u2019, veri sorumlusunun kimli\u011fi, ki\u015fisel veri i\u015fleme ama\u00e7lar\u0131, ki\u015fisel verilerin aktar\u0131ld\u0131\u011f\u0131 ki\u015filer ve aktarma ama\u00e7lar\u0131, ki\u015fisel verilerin toplanmas\u0131n\u0131n hukuki sebepleri, kimlere aktar\u0131labilece\u011fi ve y\u00f6ntemleri, ki\u015fisel veri sahibinin veri sorumlusuna y\u00f6neltece\u011fi g\u00fcncelleme, silinme ya da anonimle\u015ftirme gibi KVKK\u2019n\u0131n 11\u2019inci maddesinde say\u0131lan haklar\u0131 konusunda bilgilendirme y\u00fck\u00fcml\u00fcl\u00fc\u011f\u00fc getirmi\u015ftir.<\/p>\n<p>III. Ki\u015fisel Verilerin \u0130\u015flenme Ama\u00e7lar\u0131 Ototespit olarak, ki\u015fisel verilerinizi a\u015fa\u011f\u0131daki ama\u00e7larla i\u015fleyebiliriz:<\/p>\n<p>\u2013 Hizmetlerimizin sunulmas\u0131, geli\u015ftirilmesi ve iyile\u015ftirilmesi,<\/p>\n<p>\u2013 M\u00fc\u015fteri taleplerinin kar\u015f\u0131lanmas\u0131 ve destek hizmetlerinin sa\u011flanmas\u0131,<\/p>\n<p>\u2013 Yasal y\u00fck\u00fcml\u00fcl\u00fcklerin yerine getirilmesi,<\/p>\n<p>\u2013 Kullan\u0131c\u0131 deneyimini iyile\u015ftirmek amac\u0131yla analiz yap\u0131lmas\u0131,<\/p>\n<p>\u2013 G\u00fcvenlik ve doland\u0131r\u0131c\u0131l\u0131\u011fa kar\u015f\u0131 \u00f6nlem al\u0131nmas\u0131,<\/p>\n<p>\u2013 Reklam, pazarlama ve bilgilendirme faaliyetlerinin y\u00fcr\u00fct\u00fclmesi.<\/p>\n<p>IV. Ki\u015fisel Verilerin Toplanma Y\u00f6ntemi ve Hukuki Sebebi Ki\u015fisel verileriniz, Ototespit taraf\u0131ndan do\u011frudan sizlerden, web sitesi, \u00e7a\u011fr\u0131 merkezi, mobil uygulamalar veya di\u011fer ileti\u015fim kanallar\u0131 arac\u0131l\u0131\u011f\u0131yla elektronik ya da fiziki ortamlarda toplanabilir. Ki\u015fisel verileriniz, KVKK\u2019n\u0131n 5. ve 6. maddelerinde belirtilen hukuki sebepler do\u011frultusunda i\u015flenmektedir.<\/p>\n<p>V. Ki\u015fisel Verilerin \u00dc\u00e7\u00fcnc\u00fc Ki\u015filere ve Yurt D\u0131\u015f\u0131na Aktar\u0131lmas\u0131 Ototespit, ki\u015fisel verilerinizi yaln\u0131zca a\u015fa\u011f\u0131daki durumlarda \u00fc\u00e7\u00fcnc\u00fc ki\u015filerle payla\u015fabilir:<\/p>\n<p>\u2013 Yasal d\u00fczenlemeler gere\u011fi yetkili kamu kurum ve kurulu\u015flar\u0131yla payla\u015f\u0131lmas\u0131 gerekti\u011finde,<\/p>\n<p>\u2013 S\u00f6zle\u015fmesel y\u00fck\u00fcml\u00fcl\u00fckler gere\u011fi i\u015f ortaklar\u0131, tedarik\u00e7iler veya hizmet sa\u011flay\u0131c\u0131lar\u0131 ile payla\u015f\u0131lmas\u0131 gerekti\u011finde,<\/p>\n<p>\u2013 A\u00e7\u0131k r\u0131zan\u0131z\u0131n bulunmas\u0131 durumunda.<\/p>\n<p>VI. Veri Sahibi Olarak Haklar\u0131n\u0131z KVKK\u2019n\u0131n 11. maddesi gere\u011fince veri sahipleri olarak a\u015fa\u011f\u0131daki haklara sahipsiniz:<\/p>\n<p>\u2013 Ki\u015fisel verilerinizin i\u015flenip i\u015flenmedi\u011fini \u00f6\u011frenme,<\/p>\n<p>\u2013 Ki\u015fisel verileriniz i\u015flenmi\u015fse buna ili\u015fkin bilgi talep etme,<\/p>\n<p>\u2013 Ki\u015fisel verilerinizin i\u015flenme amac\u0131n\u0131 ve bunlar\u0131n amac\u0131na uygun kullan\u0131l\u0131p kullan\u0131lmad\u0131\u011f\u0131n\u0131 \u00f6\u011frenme,<\/p>\n<p>\u2013 Ki\u015fisel verilerinizin yurt i\u00e7inde veya yurt d\u0131\u015f\u0131nda aktar\u0131ld\u0131\u011f\u0131 \u00fc\u00e7\u00fcnc\u00fc ki\u015fileri bilme,<\/p>\n<p>\u2013 Ki\u015fisel verilerinizin eksik veya yanl\u0131\u015f i\u015flenmi\u015f olmas\u0131 h\u00e2linde bunlar\u0131n d\u00fczeltilmesini isteme,<\/p>\n<p>\u2013 KVKK\u2019ya uygun olarak ki\u015fisel verilerinizin silinmesini veya yok edilmesini isteme,<\/p>\n<p>\u2013 \u0130\u015flenen verilerin m\u00fcnhas\u0131ran otomatik sistemler arac\u0131l\u0131\u011f\u0131yla analiz edilmesi suretiyle aleyhinize bir sonucun ortaya \u00e7\u0131kmas\u0131na itiraz etme,<\/p>\n<p>\u2013 Ki\u015fisel verilerinizin hukuka ayk\u0131r\u0131 olarak i\u015flenmesi sebebiyle zarara u\u011framan\u0131z h\u00e2linde zarar\u0131n giderilmesini talep etme.<\/p>\n<p>VII. Veri G\u00fcvenli\u011fi Ototespit, ki\u015fisel verilerinizi yetkisiz eri\u015fimlere, kay\u0131plara ve yasa d\u0131\u015f\u0131 i\u015flemlere kar\u015f\u0131 korumak i\u00e7in gerekli teknik ve idari tedbirleri almaktad\u0131r.<\/p>\n<p>VIII. \u0130leti\u015fim Ki\u015fisel verilerinizle ilgili talepleriniz ve sorular\u0131n\u0131z i\u00e7in bizimle a\u015fa\u011f\u0131daki ileti\u015fim bilgilerimizden irtibata ge\u00e7ebilirsiniz:<\/p>\n<p>Bu Ki\u015fisel Veri Koruma A\u00e7\u0131klamas\u0131, zaman zaman g\u00fcncellenebilir. G\u00fcncellenmi\u015f versiyonlar web sitemizde yay\u0131mlanacakt\u0131r.<\/p>\n<p data-pm-slice=\"1 1 &#091;&#093;\">\n<\/div><div class=\"bt_bb_separator bt_bb_top_spacing_medium bt_bb_border_style_none\" data-bt-override-class=\"{}\"><\/div><\/div><\/div><\/div><div  class=\"bt_bb_column col-xxl-2 col-xl-2 bt_bb_vertical_align_top bt_bb_align_left bt_bb_padding_normal\" style=\"; --column-width:2;\" data-width=\"2\" data-bt-override-class=\"{}\"><div class=\"bt_bb_column_content\"><div class=\"bt_bb_column_content_inner\"><\/div><\/div><\/div><\/div><\/div><\/div><!-- cell_inner --><\/div><!-- cell --><\/div><!-- port --><\/section>\n","protected":false},"excerpt":{"rendered":"","protected":false},"author":1,"featured_media":3541,"parent":12,"menu_order":0,"comment_status":"closed","ping_status":"closed","template":"","meta":{"footnotes":""},"class_list":["post-3544","page","type-page","status-publish","has-post-thumbnail","hentry"],"yoast_head":"<!-- This site is optimized with the Yoast SEO plugin v24.8.1 - https:\/\/yoast.com\/wordpress\/plugins\/seo\/ -->\n<title>Ki\u015fisel Verileri Koruma - OTOTESP\u0130T<\/title>\n<meta name=\"robots\" content=\"index, follow, max-snippet:-1, max-image-preview:large, max-video-preview:-1\" \/>\n<link rel=\"canonical\" href=\"https:\/\/ototespit.com\/?page_id=3544\" \/>\n<meta property=\"og:locale\" content=\"tr_TR\" \/>\n<meta property=\"og:type\" content=\"article\" \/>\n<meta property=\"og:title\" content=\"Ki\u015fisel Verileri Koruma - OTOTESP\u0130T\" \/>\n<meta property=\"og:url\" content=\"https:\/\/ototespit.com\/?page_id=3544\" \/>\n<meta property=\"og:site_name\" content=\"OTOTESP\u0130T\" \/>\n<meta property=\"article:publisher\" content=\"https:\/\/facebook.com\/ototespit\" \/>\n<meta property=\"article:modified_time\" content=\"2025-02-14T00:25:27+00:00\" \/>\n<meta property=\"og:image\" content=\"https:\/\/ototespit.com\/wp-content\/uploads\/2025\/02\/front-view-car-service-employees-scaled.jpg\" \/>\n\t<meta property=\"og:image:width\" content=\"2560\" \/>\n\t<meta property=\"og:image:height\" content=\"1707\" \/>\n\t<meta property=\"og:image:type\" content=\"image\/jpeg\" \/>\n<meta name=\"twitter:card\" content=\"summary_large_image\" \/>\n<meta name=\"twitter:site\" content=\"@ototespit\" \/>\n<meta name=\"twitter:label1\" content=\"Tahmini okuma s\u00fcresi\" \/>\n\t<meta name=\"twitter:data1\" content=\"6 dakika\" \/>\n<script type=\"application\/ld+json\" class=\"yoast-schema-graph\">{\"@context\":\"https:\/\/schema.org\",\"@graph\":[{\"@type\":\"WebPage\",\"@id\":\"https:\/\/ototespit.com\/?page_id=3544\",\"url\":\"https:\/\/ototespit.com\/?page_id=3544\",\"name\":\"Ki\u015fisel Verileri Koruma - OTOTESP\u0130T\",\"isPartOf\":{\"@id\":\"https:\/\/ototespit.com\/#website\"},\"primaryImageOfPage\":{\"@id\":\"https:\/\/ototespit.com\/?page_id=3544#primaryimage\"},\"image\":{\"@id\":\"https:\/\/ototespit.com\/?page_id=3544#primaryimage\"},\"thumbnailUrl\":\"https:\/\/ototespit.com\/wp-content\/uploads\/2025\/02\/front-view-car-service-employees-scaled.jpg\",\"datePublished\":\"2025-02-13T23:42:34+00:00\",\"dateModified\":\"2025-02-14T00:25:27+00:00\",\"breadcrumb\":{\"@id\":\"https:\/\/ototespit.com\/?page_id=3544#breadcrumb\"},\"inLanguage\":\"tr\",\"potentialAction\":[{\"@type\":\"ReadAction\",\"target\":[\"https:\/\/ototespit.com\/?page_id=3544\"]}]},{\"@type\":\"ImageObject\",\"inLanguage\":\"tr\",\"@id\":\"https:\/\/ototespit.com\/?page_id=3544#primaryimage\",\"url\":\"https:\/\/ototespit.com\/wp-content\/uploads\/2025\/02\/front-view-car-service-employees-scaled.jpg\",\"contentUrl\":\"https:\/\/ototespit.com\/wp-content\/uploads\/2025\/02\/front-view-car-service-employees-scaled.jpg\",\"width\":2560,\"height\":1707},{\"@type\":\"BreadcrumbList\",\"@id\":\"https:\/\/ototespit.com\/?page_id=3544#breadcrumb\",\"itemListElement\":[{\"@type\":\"ListItem\",\"position\":1,\"name\":\"Anasayfa\",\"item\":\"https:\/\/ototespit.com\/\"},{\"@type\":\"ListItem\",\"position\":2,\"name\":\"Ana Sayfa\",\"item\":\"https:\/\/ototespit.com\/\"},{\"@type\":\"ListItem\",\"position\":3,\"name\":\"Ki\u015fisel Verileri Koruma\"}]},{\"@type\":\"WebSite\",\"@id\":\"https:\/\/ototespit.com\/#website\",\"url\":\"https:\/\/ototespit.com\/\",\"name\":\"OTOTESP\u0130T\",\"description\":\"Otoekspertizde ilk tercih, OTOTESP\u0130T\",\"publisher\":{\"@id\":\"https:\/\/ototespit.com\/#organization\"},\"potentialAction\":[{\"@type\":\"SearchAction\",\"target\":{\"@type\":\"EntryPoint\",\"urlTemplate\":\"https:\/\/ototespit.com\/?s={search_term_string}\"},\"query-input\":{\"@type\":\"PropertyValueSpecification\",\"valueRequired\":true,\"valueName\":\"search_term_string\"}}],\"inLanguage\":\"tr\"},{\"@type\":\"Organization\",\"@id\":\"https:\/\/ototespit.com\/#organization\",\"name\":\"OTOTESP\u0130T\",\"url\":\"https:\/\/ototespit.com\/\",\"logo\":{\"@type\":\"ImageObject\",\"inLanguage\":\"tr\",\"@id\":\"https:\/\/ototespit.com\/#\/schema\/logo\/image\/\",\"url\":\"https:\/\/ototespit.com\/wp-content\/uploads\/2025\/02\/blog-varsayilan-logo-scaled.jpg\",\"contentUrl\":\"https:\/\/ototespit.com\/wp-content\/uploads\/2025\/02\/blog-varsayilan-logo-scaled.jpg\",\"width\":2560,\"height\":1707,\"caption\":\"OTOTESP\u0130T\"},\"image\":{\"@id\":\"https:\/\/ototespit.com\/#\/schema\/logo\/image\/\"},\"sameAs\":[\"https:\/\/facebook.com\/ototespit\",\"https:\/\/x.com\/ototespit\",\"https:\/\/instagram.com\/ototespit\"]}]}<\/script>\n<!-- \/ Yoast SEO plugin. -->","yoast_head_json":{"title":"Ki\u015fisel Verileri Koruma - OTOTESP\u0130T","robots":{"index":"index","follow":"follow","max-snippet":"max-snippet:-1","max-image-preview":"max-image-preview:large","max-video-preview":"max-video-preview:-1"},"canonical":"https:\/\/ototespit.com\/?page_id=3544","og_locale":"tr_TR","og_type":"article","og_title":"Ki\u015fisel Verileri Koruma - OTOTESP\u0130T","og_url":"https:\/\/ototespit.com\/?page_id=3544","og_site_name":"OTOTESP\u0130T","article_publisher":"https:\/\/facebook.com\/ototespit","article_modified_time":"2025-02-14T00:25:27+00:00","og_image":[{"width":2560,"height":1707,"url":"https:\/\/ototespit.com\/wp-content\/uploads\/2025\/02\/front-view-car-service-employees-scaled.jpg","type":"image\/jpeg"}],"twitter_card":"summary_large_image","twitter_site":"@ototespit","twitter_misc":{"Tahmini okuma s\u00fcresi":"6 dakika"},"schema":{"@context":"https:\/\/schema.org","@graph":[{"@type":"WebPage","@id":"https:\/\/ototespit.com\/?page_id=3544","url":"https:\/\/ototespit.com\/?page_id=3544","name":"Ki\u015fisel Verileri Koruma - OTOTESP\u0130T","isPartOf":{"@id":"https:\/\/ototespit.com\/#website"},"primaryImageOfPage":{"@id":"https:\/\/ototespit.com\/?page_id=3544#primaryimage"},"image":{"@id":"https:\/\/ototespit.com\/?page_id=3544#primaryimage"},"thumbnailUrl":"https:\/\/ototespit.com\/wp-content\/uploads\/2025\/02\/front-view-car-service-employees-scaled.jpg","datePublished":"2025-02-13T23:42:34+00:00","dateModified":"2025-02-14T00:25:27+00:00","breadcrumb":{"@id":"https:\/\/ototespit.com\/?page_id=3544#breadcrumb"},"inLanguage":"tr","potentialAction":[{"@type":"ReadAction","target":["https:\/\/ototespit.com\/?page_id=3544"]}]},{"@type":"ImageObject","inLanguage":"tr","@id":"https:\/\/ototespit.com\/?page_id=3544#primaryimage","url":"https:\/\/ototespit.com\/wp-content\/uploads\/2025\/02\/front-view-car-service-employees-scaled.jpg","contentUrl":"https:\/\/ototespit.com\/wp-content\/uploads\/2025\/02\/front-view-car-service-employees-scaled.jpg","width":2560,"height":1707},{"@type":"BreadcrumbList","@id":"https:\/\/ototespit.com\/?page_id=3544#breadcrumb","itemListElement":[{"@type":"ListItem","position":1,"name":"Anasayfa","item":"https:\/\/ototespit.com\/"},{"@type":"ListItem","position":2,"name":"Ana Sayfa","item":"https:\/\/ototespit.com\/"},{"@type":"ListItem","position":3,"name":"Ki\u015fisel Verileri Koruma"}]},{"@type":"WebSite","@id":"https:\/\/ototespit.com\/#website","url":"https:\/\/ototespit.com\/","name":"OTOTESP\u0130T","description":"Otoekspertizde ilk tercih, OTOTESP\u0130T","publisher":{"@id":"https:\/\/ototespit.com\/#organization"},"potentialAction":[{"@type":"SearchAction","target":{"@type":"EntryPoint","urlTemplate":"https:\/\/ototespit.com\/?s={search_term_string}"},"query-input":{"@type":"PropertyValueSpecification","valueRequired":true,"valueName":"search_term_string"}}],"inLanguage":"tr"},{"@type":"Organization","@id":"https:\/\/ototespit.com\/#organization","name":"OTOTESP\u0130T","url":"https:\/\/ototespit.com\/","logo":{"@type":"ImageObject","inLanguage":"tr","@id":"https:\/\/ototespit.com\/#\/schema\/logo\/image\/","url":"https:\/\/ototespit.com\/wp-content\/uploads\/2025\/02\/blog-varsayilan-logo-scaled.jpg","contentUrl":"https:\/\/ototespit.com\/wp-content\/uploads\/2025\/02\/blog-varsayilan-logo-scaled.jpg","width":2560,"height":1707,"caption":"OTOTESP\u0130T"},"image":{"@id":"https:\/\/ototespit.com\/#\/schema\/logo\/image\/"},"sameAs":["https:\/\/facebook.com\/ototespit","https:\/\/x.com\/ototespit","https:\/\/instagram.com\/ototespit"]}]}},"_links":{"self":[{"href":"https:\/\/ototespit.com\/index.php?rest_route=\/wp\/v2\/pages\/3544","targetHints":{"allow":["GET"]}}],"collection":[{"href":"https:\/\/ototespit.com\/index.php?rest_route=\/wp\/v2\/pages"}],"about":[{"href":"https:\/\/ototespit.com\/index.php?rest_route=\/wp\/v2\/types\/page"}],"author":[{"embeddable":true,"href":"https:\/\/ototespit.com\/index.php?rest_route=\/wp\/v2\/users\/1"}],"replies":[{"embeddable":true,"href":"https:\/\/ototespit.com\/index.php?rest_route=%2Fwp%2Fv2%2Fcomments&post=3544"}],"version-history":[{"count":4,"href":"https:\/\/ototespit.com\/index.php?rest_route=\/wp\/v2\/pages\/3544\/revisions"}],"predecessor-version":[{"id":3550,"href":"https:\/\/ototespit.com\/index.php?rest_route=\/wp\/v2\/pages\/3544\/revisions\/3550"}],"up":[{"embeddable":true,"href":"https:\/\/ototespit.com\/index.php?rest_route=\/wp\/v2\/pages\/12"}],"wp:featuredmedia":[{"embeddable":true,"href":"https:\/\/ototespit.com\/index.php?rest_route=\/wp\/v2\/media\/3541"}],"wp:attachment":[{"href":"https:\/\/ototespit.com\/index.php?rest_route=%2Fwp%2Fv2%2Fmedia&parent=3544"}],"curies":[{"name":"wp","href":"https:\/\/api.w.org\/{rel}","templated":true}]}}